{"id":5,"date":"2015-09-29T14:44:51","date_gmt":"2015-09-29T14:44:51","guid":{"rendered":"http:\/\/pascalrenneberg.de\/?page_id=5"},"modified":"2015-09-29T15:36:03","modified_gmt":"2015-09-29T15:36:03","slug":"airfy","status":"publish","type":"page","link":"http:\/\/pascalrenneberg.de\/?page_id=5","title":{"rendered":"AIRFY"},"content":{"rendered":"<p>Ihre M\u00f6glichkeit ein kostenfreies WLAN ohne Risiko anzubieten.<\/p>\n<p><!--more--><\/p>\n<p>Sie sind Gewerbetreibender mit einem Ladenlokal oder haben gar ein Restaurant?<\/p>\n<p>Ihre Kunden fragen immer h\u00e4ufiger ob Sie ein WLAN zur Verf\u00fcgung stellen?<\/p>\n<p>Mit AIRFY biete ich Ihnen eine g\u00fcnstige M\u00f6glichkeit ein, f\u00fcr Ihre Kunden kostenfreies WLAN anzubieten.<\/p>\n<p>Gerne berate ich Sie.<\/p>\n<p>&nbsp;<\/p>\n<p>Weitere Infos zu Airfy finden Sie <a href=\"https:\/\/airfy.com\/de\/index\">hier<\/a>.<\/p>\n","protected":false},"excerpt":{"rendered":"<p>Ihre M\u00f6glichkeit ein kostenfreies WLAN ohne Risiko anzubieten.<\/p>\n","protected":false},"author":1,"featured_media":12,"parent":0,"menu_order":0,"comment_status":"closed","ping_status":"closed","template":"","meta":[],"_links":{"self":[{"href":"http:\/\/pascalrenneberg.de\/index.php?rest_route=\/wp\/v2\/pages\/5"}],"collection":[{"href":"http:\/\/pascalrenneberg.de\/index.php?rest_route=\/wp\/v2\/pages"}],"about":[{"href":"http:\/\/pascalrenneberg.de\/index.php?rest_route=\/wp\/v2\/types\/page"}],"author":[{"embeddable":true,"href":"http:\/\/pascalrenneberg.de\/index.php?rest_route=\/wp\/v2\/users\/1"}],"replies":[{"embeddable":true,"href":"http:\/\/pascalrenneberg.de\/index.php?rest_route=%2Fwp%2Fv2%2Fcomments&post=5"}],"version-history":[{"count":4,"href":"http:\/\/pascalrenneberg.de\/index.php?rest_route=\/wp\/v2\/pages\/5\/revisions"}],"predecessor-version":[{"id":16,"href":"http:\/\/pascalrenneberg.de\/index.php?rest_route=\/wp\/v2\/pages\/5\/revisions\/16"}],"wp:featuredmedia":[{"embeddable":true,"href":"http:\/\/pascalrenneberg.de\/index.php?rest_route=\/wp\/v2\/media\/12"}],"wp:attachment":[{"href":"http:\/\/pascalrenneberg.de\/index.php?rest_route=%2Fwp%2Fv2%2Fmedia&parent=5"}],"curies":[{"name":"wp","href":"https:\/\/api.w.org\/{rel}","templated":true}]}}