{"id":87,"date":"2021-12-28T18:26:55","date_gmt":"2021-12-28T18:26:55","guid":{"rendered":"https:\/\/pascalrenneberg.de\/?page_id=87"},"modified":"2021-12-28T18:26:55","modified_gmt":"2021-12-28T18:26:55","slug":"the-real-smarthome","status":"publish","type":"page","link":"http:\/\/pascalrenneberg.de\/?page_id=87","title":{"rendered":"The Real Smarthome"},"content":{"rendered":"\n<div class=\"wp-block-image\"><figure class=\"alignright size-large is-resized\"><a href=\"https:\/\/pascalrenneberg.de\/wp-content\/uploads\/2021\/12\/Logo-Loxone-green-Web.jpg\"><img loading=\"lazy\" src=\"https:\/\/pascalrenneberg.de\/wp-content\/uploads\/2021\/12\/Logo-Loxone-green-Web-1024x460.jpg\" alt=\"\" class=\"wp-image-90\" width=\"273\" height=\"122\" srcset=\"http:\/\/pascalrenneberg.de\/wp-content\/uploads\/2021\/12\/Logo-Loxone-green-Web-1024x460.jpg 1024w, http:\/\/pascalrenneberg.de\/wp-content\/uploads\/2021\/12\/Logo-Loxone-green-Web-300x135.jpg 300w, http:\/\/pascalrenneberg.de\/wp-content\/uploads\/2021\/12\/Logo-Loxone-green-Web-768x345.jpg 768w, http:\/\/pascalrenneberg.de\/wp-content\/uploads\/2021\/12\/Logo-Loxone-green-Web-1536x690.jpg 1536w, http:\/\/pascalrenneberg.de\/wp-content\/uploads\/2021\/12\/Logo-Loxone-green-Web-2048x920.jpg 2048w\" sizes=\"(max-width: 273px) 100vw, 273px\" \/><\/a><\/figure><\/div>\n\n\n\n<p>Ihr Smarthome mit LOXONE<\/p>\n\n\n\n<p>Der Begriff Smarthome hat sich in den letzten 10 Jahren so ziemlich in jeden Haushalt geschlichen. <br>Oft ist er jedoch mit negativen Erfahrungen belegt. Der bekannteste Satz ist wohl, &#8222;Warum soll ich mein Smartphone nutzen, statt einfach den Lichtschalter?&#8220;<\/p>\n\n\n\n<p>Genau hier ist schon der gr\u00f6\u00dfte Denkfehler erkennbar. Smarthome hei\u00dft nicht das &#8222;Home&#8220; mit dem Smartphone steuern, sondern eigentlich bedeutet er das dass Haus so viele Standardhandlungen wie m\u00f6glich automatisch erledigt. <br>BSPW. Licht einschalten wenn jemand einen Raum betritt. <\/p>\n\n\n\n<p>Einen sehr guten Einblick in das Thema Smarthome bringt hier die drei teilige Youtube Serie mit \u201cJP\u201d Kraemer.<br>Diese ist unter folgendem Link zu finden:<br><br><a href=\"https:\/\/www.loxone.com\/dede\/blog\/jp-performance-probefahrt-smart-home\/\">https:\/\/www.loxone.com\/dede\/blog\/jp-performance-probefahrt-smart-home\/<\/a><br><br><br>Nicht nur ein Home l\u00e4sst sich automatisieren, auch ihr Gewerbeobjekt kann Sie in vielen Dingen unterst\u00fctzen. <\/p>\n\n\n\n<div class=\"wp-block-file\"><object class=\"wp-block-file__embed\" data=\"https:\/\/pascalrenneberg.de\/wp-content\/uploads\/2021\/12\/Folder-Loxone-im-Gewerbe-DE.pdf\" type=\"application\/pdf\" style=\"width:100%;height:600px\" aria-label=\"Einbettung von Folder-Loxone-im-Gewerbe-DE.\"><\/object><a href=\"https:\/\/pascalrenneberg.de\/wp-content\/uploads\/2021\/12\/Folder-Loxone-im-Gewerbe-DE.pdf\">Folder-Loxone-im-Gewerbe-DE<\/a><a href=\"https:\/\/pascalrenneberg.de\/wp-content\/uploads\/2021\/12\/Folder-Loxone-im-Gewerbe-DE.pdf\" class=\"wp-block-file__button\" download>Herunterladen<\/a><\/div>\n","protected":false},"excerpt":{"rendered":"<p>Ihr Smarthome mit LOXONE Der Begriff Smarthome hat sich in den letzten 10 Jahren so ziemlich in jeden Haushalt geschlichen. Oft ist er jedoch mit negativen Erfahrungen belegt. Der bekannteste Satz ist wohl, &#8222;Warum soll ich mein Smartphone nutzen, statt einfach den Lichtschalter?&#8220; Genau hier ist schon der gr\u00f6\u00dfte Denkfehler [&hellip;]<\/p>\n","protected":false},"author":1,"featured_media":0,"parent":0,"menu_order":0,"comment_status":"closed","ping_status":"closed","template":"","meta":[],"_links":{"self":[{"href":"http:\/\/pascalrenneberg.de\/index.php?rest_route=\/wp\/v2\/pages\/87"}],"collection":[{"href":"http:\/\/pascalrenneberg.de\/index.php?rest_route=\/wp\/v2\/pages"}],"about":[{"href":"http:\/\/pascalrenneberg.de\/index.php?rest_route=\/wp\/v2\/types\/page"}],"author":[{"embeddable":true,"href":"http:\/\/pascalrenneberg.de\/index.php?rest_route=\/wp\/v2\/users\/1"}],"replies":[{"embeddable":true,"href":"http:\/\/pascalrenneberg.de\/index.php?rest_route=%2Fwp%2Fv2%2Fcomments&post=87"}],"version-history":[{"count":1,"href":"http:\/\/pascalrenneberg.de\/index.php?rest_route=\/wp\/v2\/pages\/87\/revisions"}],"predecessor-version":[{"id":91,"href":"http:\/\/pascalrenneberg.de\/index.php?rest_route=\/wp\/v2\/pages\/87\/revisions\/91"}],"wp:attachment":[{"href":"http:\/\/pascalrenneberg.de\/index.php?rest_route=%2Fwp%2Fv2%2Fmedia&parent=87"}],"curies":[{"name":"wp","href":"https:\/\/api.w.org\/{rel}","templated":true}]}}